{"id":11215,"date":"2025-12-16T17:00:51","date_gmt":"2025-12-16T15:00:51","guid":{"rendered":"https:\/\/ursus.ee\/toode\/pesupehmendaja-lehed-magic-leaves-tropical-orchid-28-pesukorda-2\/"},"modified":"2026-03-27T15:31:40","modified_gmt":"2026-03-27T13:31:40","slug":"pesupehmendaja-lehed-magic-leaves-tropical-orchid-28-pesukorda-2","status":"publish","type":"product","link":"https:\/\/ursus.ee\/en\/toode\/pesupehmendaja-lehed-magic-leaves-tropical-orchid-28-pesukorda-2\/","title":{"rendered":"Pesupehmendaja lehed Magic Leaves Tropical Orchid 28 pesukorda"},"content":{"rendered":"<p>Uuenda oma pesurutiini Dr. Beckmanni uuenduslike pesupehmendaja lehtedega! \u00dcks eeldoseeritud ja t\u00e4ielikult lahustuv leht tagab pehme pesu ning v\u00e4rske l\u00f5hna kuni 7 p\u00e4evaks. Ei mingeid pudeleid ega segadust \u2013 lihtsalt lisa leht masinasse. Kompaktsed ja kergesti hoiustatavad lehed s\u00e4\u00e4stavad ruumi ning on keskkonnas\u00f5bralik valik t\u00e4nu 75% v\u00e4iksemale pakendikogusele. Sobib k\u00f5ikidele kangastele, v.a. vill ja siid.<br \/>\nPeamised eelised:<br \/>\n\u2022\tMugav ja puhas kasutus \u2013 \u00fcks leht pesukorra kohta<br \/>\n\u2022\tT\u00f5hus ka 20 \u00b0C juures, s\u00e4\u00e4stab energiat<br \/>\n\u2022\tS\u00e4ilitab spordiriiete hingavuse ja r\u00e4tikute imavuse<br \/>\n\u2022\tPikalt p\u00fcsiv v\u00e4rskus ja pehmus<\/p>\n","protected":false},"excerpt":{"rendered":"<p>Uuenda oma pesurutiini Dr. Beckmanni uuenduslike pesupehmendaja lehtedega! \u00dcks eeldoseeritud ja t\u00e4ielikult lahustuv leht tagab pehme pesu ning v\u00e4rske l\u00f5hna kuni 7 p\u00e4evaks. Ei mingeid pudeleid ega segadust \u2013 lihtsalt lisa leht masinasse. Kompaktsed ja kergesti hoiustatavad lehed s\u00e4\u00e4stavad ruumi ning on keskkonnas\u00f5bralik valik t\u00e4nu 75% v\u00e4iksemale pakendikogusele. Sobib k\u00f5ikidele kangastele, v.a. vill ja siid.<\/p>\n","protected":false},"featured_media":11216,"comment_status":"closed","ping_status":"open","template":"","meta":{"_acf_changed":false},"product_brand":[110],"product_cat":[116,112],"product_tag":[],"class_list":{"0":"post-11215","1":"product","2":"type-product","3":"status-publish","4":"has-post-thumbnail","6":"product_brand-dr-beckmann","7":"product_cat-puhastusvahendid","8":"product_cat-pesuvahendid","9":"pa_kogus-28-tk","10":"pa_paritolumaa-hiina","11":"pa_uhik-tk","13":"first","14":"instock","15":"purchasable","16":"product-type-simple"},"acf":[],"_links":{"self":[{"href":"https:\/\/ursus.ee\/en\/wp-json\/wp\/v2\/product\/11215","targetHints":{"allow":["GET"]}}],"collection":[{"href":"https:\/\/ursus.ee\/en\/wp-json\/wp\/v2\/product"}],"about":[{"href":"https:\/\/ursus.ee\/en\/wp-json\/wp\/v2\/types\/product"}],"replies":[{"embeddable":true,"href":"https:\/\/ursus.ee\/en\/wp-json\/wp\/v2\/comments?post=11215"}],"wp:featuredmedia":[{"embeddable":true,"href":"https:\/\/ursus.ee\/en\/wp-json\/wp\/v2\/media\/11216"}],"wp:attachment":[{"href":"https:\/\/ursus.ee\/en\/wp-json\/wp\/v2\/media?parent=11215"}],"wp:term":[{"taxonomy":"product_brand","embeddable":true,"href":"https:\/\/ursus.ee\/en\/wp-json\/wp\/v2\/product_brand?post=11215"},{"taxonomy":"product_cat","embeddable":true,"href":"https:\/\/ursus.ee\/en\/wp-json\/wp\/v2\/product_cat?post=11215"},{"taxonomy":"product_tag","embeddable":true,"href":"https:\/\/ursus.ee\/en\/wp-json\/wp\/v2\/product_tag?post=11215"}],"curies":[{"name":"wp","href":"https:\/\/api.w.org\/{rel}","templated":true}]}}