{"id":11204,"date":"2025-12-16T17:00:51","date_gmt":"2025-12-16T15:00:51","guid":{"rendered":"https:\/\/ursus.ee\/toode\/pesuvahendi-lehed-magic-leaves-sensitive-cotton-fresh-2\/"},"modified":"2026-03-27T15:31:40","modified_gmt":"2026-03-27T13:31:40","slug":"pesuvahendi-lehed-magic-leaves-sensitive-cotton-fresh-2","status":"publish","type":"product","link":"https:\/\/ursus.ee\/en\/toode\/pesuvahendi-lehed-magic-leaves-sensitive-cotton-fresh-2\/","title":{"rendered":"Pesuvahendi lehed Magic Leaves Sensitive Cotton Fresh"},"content":{"rendered":"<p>Pesuvahendi lehed on lihtne viis mugavalt ja s\u00e4\u00e4stvalt pesu pesemiseks. Toode on disainitud \u00f6koloogilise jalaj\u00e4lje minimeerimiseks. Pesuvahendi lehtedel on kuni 90% v\u00e4iksem kaal kui tavalistel pesuvahenditel ning veevaba koostisega. Magic Leaves Sensitive on \u00f5rna ja meeldiva Fresh Cotton puuvillal\u00f5hnaga. Toode on rikastatud loodusliku Aloe Vera ekstraktiga.<br \/>\nPesuvahendi leht sisaldab v\u00e4ga kontsentreeritud biolagunevaid pesuaineid ja lahustub pesus veega kokkupuutel t\u00e4ielikult. \u00dcks vees lahustuv leht tagab s\u00fcgava puhtuse isegi madalatel temperatuuridel, alates 20\u00b0C temperatuurist. Sobib kasutamiseks ka l\u00fchikeste pesut\u00fcklitega ja k\u00e4sipesul.<\/p>\n<p>\u2022\t100% aktiivsed koostisosad, pole lisatud tarbetuid lisaaineid<br \/>\n\u2022\t100% veeslahutuv koostis<br \/>\n\u2022\t0% j\u00e4\u00e4kaineid<br \/>\n\u2022\t0% s\u00e4ilitusaineid ja v\u00e4rvaineid<br \/>\n\u2022\tSobib ka tundlikule ja allergilisele nahale<br \/>\n\u2022\tToode on l\u00e4binud kvaliteeditestid, saanud allergias\u00f5braliku toote tunnustuse<br \/>\n\u2022\tVeevaba koostis<br \/>\n\u2022\tMikroplasti ja s\u00e4ilitusainete vaba<br \/>\n\u2022\tKiirestilahustuv isegi k\u00fclmas vees ilma j\u00e4\u00e4kideta<br \/>\n\u2022\tT\u00e4pne doseerimine v\u00e4ldib \u00fcledoseerimise ohtu \u2013 lisakogus pesuvahendit ei pese pesu puhtamaks, vaid on kahjulik keskkonnale<br \/>\n\u2022\t80% v\u00e4hem pakendit kui tavalistel vedelatel pesuvahenditel<br \/>\n\u2022\tEnergias\u00e4\u00e4stlik pesu madalal temperatuuril<\/p>\n<p>Pesemine pole kunagi olnud lihtsam &#8211; lihtsalt lisage \u00fcks leht pesumasina trumlisse ja alustage pesuts\u00fckliga. Doseerimine on t\u00e4pne ja lihtne, ei mingit segadust. S\u00f5ltuvalt sellest, kui m\u00e4\u00e4rdunud on kangad ja kui kare on teie piirkonna vesi, peaksite kasutama kas 1 v\u00f5i 2 pesulehte. K\u00e4sipesuks piisab \u00fcldiselt poolest lehest. \u00dcks leht puhastab keskmise ja madalama karedusega vee puhul 4,5kg m\u00e4\u00e4rdunud pesu. Pesu pesemisel ei ole soovitatav kasutada eelpesu ts\u00fcklit, kuna Magic Leaves lehed hakkavad veega kokkupuutel lahustuma ja koheselt toimima. \u00dcldiselt kipub eelpesu ts\u00fckkel enamikel juhtudel nagunii mittevajalik olema ning kulutab lihtsalt rohkem vett ja energiat.<br \/>\nMagic Leaves pesuvahendi lehed sobivad k\u00f5ikidele tavap\u00e4rastele tekstiilidele, v\u00e4lja arvatud vill ja siid. Nende kangaste puhul on soovitatav kasutada spetsiaalselt \u00f5rnale pesule m\u00f5eldud pesuvahendit. Pesuvahendi lehed j\u00e4tavad teie riietele v\u00e4rske l\u00f5hna, kuid ei sisalda pehmendavaid koostisosi. Kui kasutate pesupehmendajat l\u00f5hna p\u00e4rast, v\u00f5ib lehtede enda l\u00f5hnast t\u00e4iesti piisata. Kui kasutate pehmendava toime p\u00e4rast, tuleks seda pesule edasi lisada.<br \/>\n\u00dclimalt kerge ja kompaktne pakend, mida on mugav kaasas kanda, lihtne kasutada ja ruumis\u00e4\u00e4slikult hoiustada. Saab kasutada erinevatel puhkudel \u2013 ideaalne ka k\u00e4sipesuks, reisides ja liikvel olles. Mugav pakend liikudes jala v\u00f5i \u00fchistranspordiga.<br \/>\nPesuvahendi lehed on pakendatud taassuletava kinnitusega kotti, mis hoiab l\u00f5hnaained sees ja niiskuse v\u00e4ljas.<br \/>\nMagic Leaves pesuvahendi lehed ei sisalda mikroplasti ja loomseid koostisosi. Magic leaves lehti ei testita loomade peal, kogu tootearendus on julmusevaba. Lisaks sellele ei sisalda toote koostis tseoliiti, mist\u00f5ttu ei ladestu kangastesse ning pesumasinasse tarbetud j\u00e4\u00e4kained.<\/p>\n","protected":false},"excerpt":{"rendered":"<p>Pesuvahendi lehed on lihtne viis mugavalt ja s\u00e4\u00e4stvalt pesu pesemiseks. Toode on disainitud \u00f6koloogilise jalaj\u00e4lje minimeerimiseks. Pesuvahendi lehtedel on kuni 90% v\u00e4iksem kaal kui tavalistel pesuvahenditel ning veevaba koostisega. Magic Leaves Sensitive on \u00f5rna ja meeldiva Fresh Cotton puuvillal\u00f5hnaga. Toode on rikastatud loodusliku Aloe Vera ekstraktiga. Pesuvahendi leht sisaldab v\u00e4ga kontsentreeritud biolagunevaid pesuaineid ja lahustub<\/p>\n","protected":false},"featured_media":11205,"comment_status":"closed","ping_status":"open","template":"","meta":{"_acf_changed":false},"product_brand":[110],"product_cat":[116,112],"product_tag":[],"class_list":{"0":"post-11204","1":"product","2":"type-product","3":"status-publish","4":"has-post-thumbnail","6":"product_brand-dr-beckmann","7":"product_cat-puhastusvahendid","8":"product_cat-pesuvahendid","9":"pa_kogus-25-tk","10":"pa_koostis-30-anioonseid-pindaktiivseid-aineid-parfuumid-kumariin-benzuulsalitsulaat-hexyl-cinnamal","11":"pa_paritolumaa-hiina","12":"pa_uhik-tk","14":"first","15":"instock","16":"purchasable","17":"product-type-simple"},"acf":[],"_links":{"self":[{"href":"https:\/\/ursus.ee\/en\/wp-json\/wp\/v2\/product\/11204","targetHints":{"allow":["GET"]}}],"collection":[{"href":"https:\/\/ursus.ee\/en\/wp-json\/wp\/v2\/product"}],"about":[{"href":"https:\/\/ursus.ee\/en\/wp-json\/wp\/v2\/types\/product"}],"replies":[{"embeddable":true,"href":"https:\/\/ursus.ee\/en\/wp-json\/wp\/v2\/comments?post=11204"}],"wp:featuredmedia":[{"embeddable":true,"href":"https:\/\/ursus.ee\/en\/wp-json\/wp\/v2\/media\/11205"}],"wp:attachment":[{"href":"https:\/\/ursus.ee\/en\/wp-json\/wp\/v2\/media?parent=11204"}],"wp:term":[{"taxonomy":"product_brand","embeddable":true,"href":"https:\/\/ursus.ee\/en\/wp-json\/wp\/v2\/product_brand?post=11204"},{"taxonomy":"product_cat","embeddable":true,"href":"https:\/\/ursus.ee\/en\/wp-json\/wp\/v2\/product_cat?post=11204"},{"taxonomy":"product_tag","embeddable":true,"href":"https:\/\/ursus.ee\/en\/wp-json\/wp\/v2\/product_tag?post=11204"}],"curies":[{"name":"wp","href":"https:\/\/api.w.org\/{rel}","templated":true}]}}