{"id":11193,"date":"2025-12-16T17:00:51","date_gmt":"2025-12-16T15:00:51","guid":{"rendered":"https:\/\/ursus.ee\/toode\/katlakivieemaldi-kodumasinatele-2\/"},"modified":"2026-03-27T15:31:40","modified_gmt":"2026-03-27T13:31:40","slug":"katlakivieemaldi-kodumasinatele-2","status":"publish","type":"product","link":"https:\/\/ursus.ee\/en\/toode\/katlakivieemaldi-kodumasinatele-2\/","title":{"rendered":"Katlakivieemaldi kodumasinatele"},"content":{"rendered":"<p>Aitab eemaldada kogunenud katlakivi ja taastada seadmete optimaalse t\u00f6\u00f6 ja energiakulu. Sobib t\u00e4isautomaatsete kohvimasinate, kohvimasinate, veekeetjate, aurutajate, aurutriikraudade hooldamiseks. J\u00e4rgige seadmete tootjapoolseid juhiseid.<\/p>\n","protected":false},"excerpt":{"rendered":"<p>Aitab eemaldada kogunenud katlakivi ja taastada seadmete optimaalse t\u00f6\u00f6 ja energiakulu. Sobib t\u00e4isautomaatsete kohvimasinate, kohvimasinate, veekeetjate, aurutajate, aurutriikraudade hooldamiseks. J\u00e4rgige seadmete tootjapoolseid juhiseid.<\/p>\n","protected":false},"featured_media":11194,"comment_status":"closed","ping_status":"open","template":"","meta":{"_acf_changed":false},"product_brand":[110],"product_cat":[116,111],"product_tag":[],"class_list":{"0":"post-11193","1":"product","2":"type-product","3":"status-publish","4":"has-post-thumbnail","6":"product_brand-dr-beckmann","7":"product_cat-puhastusvahendid","8":"product_cat-kodukeemia","9":"pa_kogus-250-ml","10":"pa_koostis-koostis-alla-5-fosfonaate-aqua-sulphamidic-acid-2-hydroxyethyliminobismethylenebisphosponic-acid-methyl-phosphoric-acid-ester-methyl-1h-benz","11":"pa_paritolumaa-saksamaa","12":"pa_uhik-ml","14":"first","15":"instock","16":"purchasable","17":"product-type-simple"},"acf":[],"_links":{"self":[{"href":"https:\/\/ursus.ee\/en\/wp-json\/wp\/v2\/product\/11193","targetHints":{"allow":["GET"]}}],"collection":[{"href":"https:\/\/ursus.ee\/en\/wp-json\/wp\/v2\/product"}],"about":[{"href":"https:\/\/ursus.ee\/en\/wp-json\/wp\/v2\/types\/product"}],"replies":[{"embeddable":true,"href":"https:\/\/ursus.ee\/en\/wp-json\/wp\/v2\/comments?post=11193"}],"wp:featuredmedia":[{"embeddable":true,"href":"https:\/\/ursus.ee\/en\/wp-json\/wp\/v2\/media\/11194"}],"wp:attachment":[{"href":"https:\/\/ursus.ee\/en\/wp-json\/wp\/v2\/media?parent=11193"}],"wp:term":[{"taxonomy":"product_brand","embeddable":true,"href":"https:\/\/ursus.ee\/en\/wp-json\/wp\/v2\/product_brand?post=11193"},{"taxonomy":"product_cat","embeddable":true,"href":"https:\/\/ursus.ee\/en\/wp-json\/wp\/v2\/product_cat?post=11193"},{"taxonomy":"product_tag","embeddable":true,"href":"https:\/\/ursus.ee\/en\/wp-json\/wp\/v2\/product_tag?post=11193"}],"curies":[{"name":"wp","href":"https:\/\/api.w.org\/{rel}","templated":true}]}}