{"id":11190,"date":"2025-12-16T17:00:51","date_gmt":"2025-12-16T15:00:51","guid":{"rendered":"https:\/\/ursus.ee\/toode\/kohvimasina-puhastustabletid-2\/"},"modified":"2026-03-27T15:31:40","modified_gmt":"2026-03-27T13:31:40","slug":"kohvimasina-puhastustabletid-2","status":"publish","type":"product","link":"https:\/\/ursus.ee\/en\/toode\/kohvimasina-puhastustabletid-2\/","title":{"rendered":"Kohvimasina puhastustabletid"},"content":{"rendered":"<p>Dr.Beckmann-Kohvimasina puhastustabletid 6tk 1.\u00a0 eemaldab ladestunud kohvirasvad ja -\u00f5lid \u00fc\u00a0 hooldab ja kaitseb kohvimasinat 2.\u00a0 sobib k\u00f5ikidele standardsetele ja t\u00e4isautomaatsetele kohvimasinatele. Ideaalse kohvi nautimiseks ning kohvimasina pikaealisuse s\u00e4ilitamiseks on t\u00e4htis kohvimasina regulaarne puhastamine. Igal kohvimasina kasutuskorral kinnituvad kohvirasvad ja -\u00f5lid masina sisemusse ning v\u00f5ivad kohvimasinat kahjustada. Dr. Beckmanni kohvimasina puhastustabletid eemaldavad efektiivselt ladestunud kohvirasvade ja -\u00f5lide j\u00e4\u00e4gid.<\/p>\n","protected":false},"excerpt":{"rendered":"<p>Dr.Beckmann-Kohvimasina puhastustabletid 6tk 1.\u00a0 eemaldab ladestunud kohvirasvad ja -\u00f5lid \u00fc\u00a0 hooldab ja kaitseb kohvimasinat 2.\u00a0 sobib k\u00f5ikidele standardsetele ja t\u00e4isautomaatsetele kohvimasinatele. Ideaalse kohvi nautimiseks ning kohvimasina pikaealisuse s\u00e4ilitamiseks on t\u00e4htis kohvimasina regulaarne puhastamine. Igal kohvimasina kasutuskorral kinnituvad kohvirasvad ja -\u00f5lid masina sisemusse ning v\u00f5ivad kohvimasinat kahjustada. Dr. Beckmanni kohvimasina puhastustabletid eemaldavad efektiivselt ladestunud kohvirasvade ja<\/p>\n","protected":false},"featured_media":11191,"comment_status":"closed","ping_status":"open","template":"","meta":{"_acf_changed":false},"product_brand":[110],"product_cat":[116,111],"product_tag":[],"class_list":{"0":"post-11190","1":"product","2":"type-product","3":"status-publish","4":"has-post-thumbnail","6":"product_brand-dr-beckmann","7":"product_cat-puhastusvahendid","8":"product_cat-kodukeemia","9":"pa_kogus-6-tk","10":"pa_koostis-5-15-fosfonaat-hapnikupohised-valgusained-ei-sobi-katlakivi-eemaldamiseks-sodium-carbonate-sodium-sulfate-citric-acid-peg-8000-tetrasodium-1-hydroxye","11":"pa_paritolumaa-saksamaa","12":"pa_uhik-tk","14":"first","15":"instock","16":"purchasable","17":"product-type-simple"},"acf":[],"_links":{"self":[{"href":"https:\/\/ursus.ee\/en\/wp-json\/wp\/v2\/product\/11190","targetHints":{"allow":["GET"]}}],"collection":[{"href":"https:\/\/ursus.ee\/en\/wp-json\/wp\/v2\/product"}],"about":[{"href":"https:\/\/ursus.ee\/en\/wp-json\/wp\/v2\/types\/product"}],"replies":[{"embeddable":true,"href":"https:\/\/ursus.ee\/en\/wp-json\/wp\/v2\/comments?post=11190"}],"wp:featuredmedia":[{"embeddable":true,"href":"https:\/\/ursus.ee\/en\/wp-json\/wp\/v2\/media\/11191"}],"wp:attachment":[{"href":"https:\/\/ursus.ee\/en\/wp-json\/wp\/v2\/media?parent=11190"}],"wp:term":[{"taxonomy":"product_brand","embeddable":true,"href":"https:\/\/ursus.ee\/en\/wp-json\/wp\/v2\/product_brand?post=11190"},{"taxonomy":"product_cat","embeddable":true,"href":"https:\/\/ursus.ee\/en\/wp-json\/wp\/v2\/product_cat?post=11190"},{"taxonomy":"product_tag","embeddable":true,"href":"https:\/\/ursus.ee\/en\/wp-json\/wp\/v2\/product_tag?post=11190"}],"curies":[{"name":"wp","href":"https:\/\/api.w.org\/{rel}","templated":true}]}}