{"id":11187,"date":"2025-12-16T17:00:51","date_gmt":"2025-12-16T15:00:51","guid":{"rendered":"https:\/\/ursus.ee\/toode\/puhastuskivi-tugevale-mustusele-power-clean-550g-2\/"},"modified":"2026-03-27T15:31:40","modified_gmt":"2026-03-27T13:31:40","slug":"puhastuskivi-tugevale-mustusele-power-clean-550g-2","status":"publish","type":"product","link":"https:\/\/ursus.ee\/en\/toode\/puhastuskivi-tugevale-mustusele-power-clean-550g-2\/","title":{"rendered":"Puhastuskivi tugevale mustusele Power Clean 550g"},"content":{"rendered":"<p>Mitmeotstarbeline puhastuskivi puhastab t\u00f5rksad plekid, annab l\u00e4ike ja kaitseb. 99% looduslikku p\u00e4ritolu koostis, ei sisalda mikroplasti. Sobilik erinevate pindade puhastamiseks k\u00f6\u00f6gis (valamu, n\u00f5ud, pliit ja ahi, t\u00f6\u00f6pinnad), vannitoas ja tualettruumis (valamu, du\u0161ikabiin, vann, vuugid) ning aias ja hobitegevustel (spordijalan\u00f5ud, grill, aiam\u00f6\u00f6bel, plastikaknad, jalgratas jne). Puhastab efektiivselt m\u00e4\u00e4rdunud pinnad ning j\u00e4tab pindadele kauakestva s\u00e4ra ja kaitsva kihi. Pakendis k\u00fc\u00fcrimissvamm. Meeldivalt v\u00e4rske laimi l\u00f5hnaga.<\/p>\n","protected":false},"excerpt":{"rendered":"<p>Mitmeotstarbeline puhastuskivi puhastab t\u00f5rksad plekid, annab l\u00e4ike ja kaitseb. 99% looduslikku p\u00e4ritolu koostis, ei sisalda mikroplasti. Sobilik erinevate pindade puhastamiseks k\u00f6\u00f6gis (valamu, n\u00f5ud, pliit ja ahi, t\u00f6\u00f6pinnad), vannitoas ja tualettruumis (valamu, du\u0161ikabiin, vann, vuugid) ning aias ja hobitegevustel (spordijalan\u00f5ud, grill, aiam\u00f6\u00f6bel, plastikaknad, jalgratas jne). Puhastab efektiivselt m\u00e4\u00e4rdunud pinnad ning j\u00e4tab pindadele kauakestva s\u00e4ra ja kaitsva<\/p>\n","protected":false},"featured_media":11188,"comment_status":"closed","ping_status":"open","template":"","meta":{"_acf_changed":false},"product_brand":[110],"product_cat":[116,111],"product_tag":[],"class_list":{"0":"post-11187","1":"product","2":"type-product","3":"status-publish","4":"has-post-thumbnail","6":"product_brand-dr-beckmann","7":"product_cat-puhastusvahendid","8":"product_cat-kodukeemia","9":"pa_kogus-550-g","10":"pa_koostis-30-anionische-tenside--15-30-zeolithe-phenoxyethanol-duftstoffe-citral-linalool","11":"pa_paritolumaa-ungari","12":"pa_uhik-g","14":"first","15":"instock","16":"purchasable","17":"product-type-simple"},"acf":[],"_links":{"self":[{"href":"https:\/\/ursus.ee\/en\/wp-json\/wp\/v2\/product\/11187","targetHints":{"allow":["GET"]}}],"collection":[{"href":"https:\/\/ursus.ee\/en\/wp-json\/wp\/v2\/product"}],"about":[{"href":"https:\/\/ursus.ee\/en\/wp-json\/wp\/v2\/types\/product"}],"replies":[{"embeddable":true,"href":"https:\/\/ursus.ee\/en\/wp-json\/wp\/v2\/comments?post=11187"}],"wp:featuredmedia":[{"embeddable":true,"href":"https:\/\/ursus.ee\/en\/wp-json\/wp\/v2\/media\/11188"}],"wp:attachment":[{"href":"https:\/\/ursus.ee\/en\/wp-json\/wp\/v2\/media?parent=11187"}],"wp:term":[{"taxonomy":"product_brand","embeddable":true,"href":"https:\/\/ursus.ee\/en\/wp-json\/wp\/v2\/product_brand?post=11187"},{"taxonomy":"product_cat","embeddable":true,"href":"https:\/\/ursus.ee\/en\/wp-json\/wp\/v2\/product_cat?post=11187"},{"taxonomy":"product_tag","embeddable":true,"href":"https:\/\/ursus.ee\/en\/wp-json\/wp\/v2\/product_tag?post=11187"}],"curies":[{"name":"wp","href":"https:\/\/api.w.org\/{rel}","templated":true}]}}