{"id":11182,"date":"2025-12-16T17:00:51","date_gmt":"2025-12-16T15:00:51","guid":{"rendered":"https:\/\/ursus.ee\/toode\/kulmkapivarskendi-mr-magic-lemon-40-g-2\/"},"modified":"2026-03-27T15:31:40","modified_gmt":"2026-03-27T13:31:40","slug":"kulmkapivarskendi-mr-magic-lemon-40-g-2","status":"publish","type":"product","link":"https:\/\/ursus.ee\/en\/toode\/kulmkapivarskendi-mr-magic-lemon-40-g-2\/","title":{"rendered":"K\u00fclmkapiv\u00e4rskendi Mr. Magic Lemon 40 g"},"content":{"rendered":"<p>K\u00fclmkapis leviv toidu l\u00f5hn v\u00f5ib m\u00f5jutada teiste k\u00fclmkapis olevate toiduainete maitseomadusi. K\u00fclmkapiv\u00e4rskendi neutraliseerib l\u00f5hnad ning aitab \u00e4ra hoida l\u00f5hna kandumise teistele toiduainetele. Dr. Beckmann k\u00fclmkapiv\u00e4rskendi sisaldab naturaalset limoneeni-ekstrakti, mis aitab absorbeerida tugevad aroomid (nt. kala, juust, sibul). Geel filtreerib \u00f5hust l\u00f5hna, sidudes endasse l\u00f5hna tekitavad osakesed.<\/p>\n","protected":false},"excerpt":{"rendered":"<p>K\u00fclmkapis leviv toidu l\u00f5hn v\u00f5ib m\u00f5jutada teiste k\u00fclmkapis olevate toiduainete maitseomadusi. K\u00fclmkapiv\u00e4rskendi neutraliseerib l\u00f5hnad ning aitab \u00e4ra hoida l\u00f5hna kandumise teistele toiduainetele. Dr. Beckmann k\u00fclmkapiv\u00e4rskendi sisaldab naturaalset limoneeni-ekstrakti, mis aitab absorbeerida tugevad aroomid (nt. kala, juust, sibul). Geel filtreerib \u00f5hust l\u00f5hna, sidudes endasse l\u00f5hna tekitavad osakesed.<\/p>\n","protected":false},"featured_media":11183,"comment_status":"closed","ping_status":"open","template":"","meta":{"_acf_changed":false},"product_brand":[110],"product_cat":[116,111],"product_tag":[],"class_list":{"0":"post-11182","1":"product","2":"type-product","3":"status-publish","4":"has-post-thumbnail","6":"product_brand-dr-beckmann","7":"product_cat-puhastusvahendid","8":"product_cat-kodukeemia","9":"pa_kogus-40-g","10":"pa_paritolumaa-saksamaa","11":"pa_uhik-g","13":"first","14":"instock","15":"purchasable","16":"product-type-simple"},"acf":[],"_links":{"self":[{"href":"https:\/\/ursus.ee\/en\/wp-json\/wp\/v2\/product\/11182","targetHints":{"allow":["GET"]}}],"collection":[{"href":"https:\/\/ursus.ee\/en\/wp-json\/wp\/v2\/product"}],"about":[{"href":"https:\/\/ursus.ee\/en\/wp-json\/wp\/v2\/types\/product"}],"replies":[{"embeddable":true,"href":"https:\/\/ursus.ee\/en\/wp-json\/wp\/v2\/comments?post=11182"}],"wp:featuredmedia":[{"embeddable":true,"href":"https:\/\/ursus.ee\/en\/wp-json\/wp\/v2\/media\/11183"}],"wp:attachment":[{"href":"https:\/\/ursus.ee\/en\/wp-json\/wp\/v2\/media?parent=11182"}],"wp:term":[{"taxonomy":"product_brand","embeddable":true,"href":"https:\/\/ursus.ee\/en\/wp-json\/wp\/v2\/product_brand?post=11182"},{"taxonomy":"product_cat","embeddable":true,"href":"https:\/\/ursus.ee\/en\/wp-json\/wp\/v2\/product_cat?post=11182"},{"taxonomy":"product_tag","embeddable":true,"href":"https:\/\/ursus.ee\/en\/wp-json\/wp\/v2\/product_tag?post=11182"}],"curies":[{"name":"wp","href":"https:\/\/api.w.org\/{rel}","templated":true}]}}