{"id":11169,"date":"2025-12-16T17:00:51","date_gmt":"2025-12-16T15:00:51","guid":{"rendered":"https:\/\/ursus.ee\/toode\/uldpuhastusvahendi-lehed-spring-fresh-2\/"},"modified":"2026-03-27T15:31:40","modified_gmt":"2026-03-27T13:31:40","slug":"uldpuhastusvahendi-lehed-spring-fresh-2","status":"publish","type":"product","link":"https:\/\/ursus.ee\/en\/toode\/uldpuhastusvahendi-lehed-spring-fresh-2\/","title":{"rendered":"\u00dcldpuhastusvahendi lehed Spring Fresh"},"content":{"rendered":"<p>Dr. Beckmann \u00fcldpuhastusvahendi lehed muudavad koristamise mugavaks: \u00fclikerged lehed on 100% veeslahustuvad ning toimivad efektiivselt mustuse ja rasva vastu.<br \/>\n\u2022 Lihtne kasutada ja doseerida \u2022 Efektiivne mustuse ja rasva vastu \u2022 Triibuvaba tulemus ja h\u00fcgieeniline puhtus \u2022 Sobib kasutamiseks enamlevinud pindadel ja p\u00f5randakatetel \u2022 Sobilik ka tundlikele pindadele \u2022 Meeldivalt v\u00e4rske l\u00f5hnaga \u2022 83% v\u00e4hem pakendij\u00e4\u00e4tmeid**<br \/>\n*V\u00e4lja arvatud vahatatud ja \u00f5litatud pinnad.<br \/>\n**V\u00f5rrelduna plastpudelites vedelate pesuvahenditega, millel on v\u00f5rreldav pesukordade arv.<\/p>\n","protected":false},"excerpt":{"rendered":"<p>Dr. Beckmann \u00fcldpuhastusvahendi lehed muudavad koristamise mugavaks: \u00fclikerged lehed on 100% veeslahustuvad ning toimivad efektiivselt mustuse ja rasva vastu. \u2022 Lihtne kasutada ja doseerida \u2022 Efektiivne mustuse ja rasva vastu \u2022 Triibuvaba tulemus ja h\u00fcgieeniline puhtus \u2022 Sobib kasutamiseks enamlevinud pindadel ja p\u00f5randakatetel \u2022 Sobilik ka tundlikele pindadele \u2022 Meeldivalt v\u00e4rske l\u00f5hnaga \u2022 83% v\u00e4hem<\/p>\n","protected":false},"featured_media":11170,"comment_status":"closed","ping_status":"open","template":"","meta":{"_acf_changed":false},"product_brand":[110],"product_cat":[116,111],"product_tag":[],"class_list":{"0":"post-11169","1":"product","2":"type-product","3":"status-publish","4":"has-post-thumbnail","6":"product_brand-dr-beckmann","7":"product_cat-puhastusvahendid","8":"product_cat-kodukeemia","9":"pa_kogus-20-tk","10":"pa_koostis--15-30-zeolithe-phenoxyethanol-duftstoffe-hexyl-cinnamal-coumarin-citronellol","11":"pa_paritolumaa-hiina","12":"pa_uhik-tk","14":"first","15":"instock","16":"purchasable","17":"product-type-simple"},"acf":[],"_links":{"self":[{"href":"https:\/\/ursus.ee\/en\/wp-json\/wp\/v2\/product\/11169","targetHints":{"allow":["GET"]}}],"collection":[{"href":"https:\/\/ursus.ee\/en\/wp-json\/wp\/v2\/product"}],"about":[{"href":"https:\/\/ursus.ee\/en\/wp-json\/wp\/v2\/types\/product"}],"replies":[{"embeddable":true,"href":"https:\/\/ursus.ee\/en\/wp-json\/wp\/v2\/comments?post=11169"}],"wp:featuredmedia":[{"embeddable":true,"href":"https:\/\/ursus.ee\/en\/wp-json\/wp\/v2\/media\/11170"}],"wp:attachment":[{"href":"https:\/\/ursus.ee\/en\/wp-json\/wp\/v2\/media?parent=11169"}],"wp:term":[{"taxonomy":"product_brand","embeddable":true,"href":"https:\/\/ursus.ee\/en\/wp-json\/wp\/v2\/product_brand?post=11169"},{"taxonomy":"product_cat","embeddable":true,"href":"https:\/\/ursus.ee\/en\/wp-json\/wp\/v2\/product_cat?post=11169"},{"taxonomy":"product_tag","embeddable":true,"href":"https:\/\/ursus.ee\/en\/wp-json\/wp\/v2\/product_tag?post=11169"}],"curies":[{"name":"wp","href":"https:\/\/api.w.org\/{rel}","templated":true}]}}