{"id":11166,"date":"2025-12-16T17:00:51","date_gmt":"2025-12-16T15:00:51","guid":{"rendered":"https:\/\/ursus.ee\/toode\/keraamilise-klaasi-puhastuskivi-2\/"},"modified":"2026-03-27T15:31:39","modified_gmt":"2026-03-27T13:31:39","slug":"keraamilise-klaasi-puhastuskivi-2","status":"publish","type":"product","link":"https:\/\/ursus.ee\/en\/toode\/keraamilise-klaasi-puhastuskivi-2\/","title":{"rendered":"Keraamilise klaasi puhastuskivi"},"content":{"rendered":"<p>Dr. Beckmanni t\u00f5hus pehme kivi klaaskeraamiliste pindade puhastamiseks \u00f5rnatoimeliste poleerivate mikrop\u00e4rlitega v\u00f5tab h\u00f5lpsalt ja erilise vaevata maha ka raskesti eemaldatavad plekid, mustuse ning k\u00f5rbemisj\u00e4ljed. Teie klaaskeraamilise pliidi pind omandab siidja l\u00e4ike, vett t\u00f5rjuv \u201ep\u00e4rliefekt\u201c omakorda h\u00f5lbustab pinna edasist puhastamist. Sobib kasutamiseks ka kattekihita pottidel ja pannidel.<\/p>\n","protected":false},"excerpt":{"rendered":"<p>Dr. Beckmanni t\u00f5hus pehme kivi klaaskeraamiliste pindade puhastamiseks \u00f5rnatoimeliste poleerivate mikrop\u00e4rlitega v\u00f5tab h\u00f5lpsalt ja erilise vaevata maha ka raskesti eemaldatavad plekid, mustuse ning k\u00f5rbemisj\u00e4ljed. Teie klaaskeraamilise pliidi pind omandab siidja l\u00e4ike, vett t\u00f5rjuv \u201ep\u00e4rliefekt\u201c omakorda h\u00f5lbustab pinna edasist puhastamist. Sobib kasutamiseks ka kattekihita pottidel ja pannidel.<\/p>\n","protected":false},"featured_media":11167,"comment_status":"closed","ping_status":"open","template":"","meta":{"_acf_changed":false},"product_brand":[110],"product_cat":[116,111],"product_tag":[],"class_list":{"0":"post-11166","1":"product","2":"type-product","3":"status-publish","4":"has-post-thumbnail","6":"product_brand-dr-beckmann","7":"product_cat-puhastusvahendid","8":"product_cat-kodukeemia","9":"pa_kogus-250-g","10":"pa_koostis-mitteioonsed-pindaktiivsed-ained-vahem-kui-5-poleervahend-lohnaained-calcium-carbonate-aqua-amorphous-alumina-silicate-stearic-acid-potassium-coc","11":"pa_paritolumaa-saksamaa","12":"pa_uhik-g","14":"first","15":"instock","16":"purchasable","17":"product-type-simple"},"acf":[],"_links":{"self":[{"href":"https:\/\/ursus.ee\/en\/wp-json\/wp\/v2\/product\/11166","targetHints":{"allow":["GET"]}}],"collection":[{"href":"https:\/\/ursus.ee\/en\/wp-json\/wp\/v2\/product"}],"about":[{"href":"https:\/\/ursus.ee\/en\/wp-json\/wp\/v2\/types\/product"}],"replies":[{"embeddable":true,"href":"https:\/\/ursus.ee\/en\/wp-json\/wp\/v2\/comments?post=11166"}],"wp:featuredmedia":[{"embeddable":true,"href":"https:\/\/ursus.ee\/en\/wp-json\/wp\/v2\/media\/11167"}],"wp:attachment":[{"href":"https:\/\/ursus.ee\/en\/wp-json\/wp\/v2\/media?parent=11166"}],"wp:term":[{"taxonomy":"product_brand","embeddable":true,"href":"https:\/\/ursus.ee\/en\/wp-json\/wp\/v2\/product_brand?post=11166"},{"taxonomy":"product_cat","embeddable":true,"href":"https:\/\/ursus.ee\/en\/wp-json\/wp\/v2\/product_cat?post=11166"},{"taxonomy":"product_tag","embeddable":true,"href":"https:\/\/ursus.ee\/en\/wp-json\/wp\/v2\/product_tag?post=11166"}],"curies":[{"name":"wp","href":"https:\/\/api.w.org\/{rel}","templated":true}]}}