{"id":11156,"date":"2025-12-16T17:00:51","date_gmt":"2025-12-16T15:00:51","guid":{"rendered":"https:\/\/ursus.ee\/toode\/puhastusvedelik-pliidile-ja-roostevabast-terasest-pindadele-2\/"},"modified":"2026-03-27T15:31:39","modified_gmt":"2026-03-27T13:31:39","slug":"puhastusvedelik-pliidile-ja-roostevabast-terasest-pindadele-2","status":"publish","type":"product","link":"https:\/\/ursus.ee\/en\/toode\/puhastusvedelik-pliidile-ja-roostevabast-terasest-pindadele-2\/","title":{"rendered":"Puhastusvedelik pliidile ja roostevabast terasest pindadele"},"content":{"rendered":"<p>Puhastusvedelik pliidile ja roostevabast terasest pindadele eemaldab t\u00f5husalt rasva ja mustuse ning j\u00e4tab triipudevaba tulemuse. Ei sisalda mikroplasti. 97% looduslikku p\u00e4ritolu koostis. Meeldiva sidruni l\u00f5hnaga. Dermatoloogiliselt testitud.<\/p>\n","protected":false},"excerpt":{"rendered":"<p>Puhastusvedelik pliidile ja roostevabast terasest pindadele eemaldab t\u00f5husalt rasva ja mustuse ning j\u00e4tab triipudevaba tulemuse. Ei sisalda mikroplasti. 97% looduslikku p\u00e4ritolu koostis. Meeldiva sidruni l\u00f5hnaga. Dermatoloogiliselt testitud.<\/p>\n","protected":false},"featured_media":11157,"comment_status":"closed","ping_status":"open","template":"","meta":{"_acf_changed":false},"product_brand":[110],"product_cat":[116,111],"product_tag":[],"class_list":{"0":"post-11156","1":"product","2":"type-product","3":"status-publish","4":"has-post-thumbnail","6":"product_brand-dr-beckmann","7":"product_cat-puhastusvahendid","8":"product_cat-kodukeemia","9":"pa_kogus-250-ml","10":"pa_koostis-5-mitteioonseid-pindaktiivseid-aineid-lohnaained-hexyl-cinnamal","11":"pa_paritolumaa-saksamaa","12":"pa_uhik-ml","14":"first","15":"instock","16":"purchasable","17":"product-type-simple"},"acf":[],"_links":{"self":[{"href":"https:\/\/ursus.ee\/en\/wp-json\/wp\/v2\/product\/11156","targetHints":{"allow":["GET"]}}],"collection":[{"href":"https:\/\/ursus.ee\/en\/wp-json\/wp\/v2\/product"}],"about":[{"href":"https:\/\/ursus.ee\/en\/wp-json\/wp\/v2\/types\/product"}],"replies":[{"embeddable":true,"href":"https:\/\/ursus.ee\/en\/wp-json\/wp\/v2\/comments?post=11156"}],"wp:featuredmedia":[{"embeddable":true,"href":"https:\/\/ursus.ee\/en\/wp-json\/wp\/v2\/media\/11157"}],"wp:attachment":[{"href":"https:\/\/ursus.ee\/en\/wp-json\/wp\/v2\/media?parent=11156"}],"wp:term":[{"taxonomy":"product_brand","embeddable":true,"href":"https:\/\/ursus.ee\/en\/wp-json\/wp\/v2\/product_brand?post=11156"},{"taxonomy":"product_cat","embeddable":true,"href":"https:\/\/ursus.ee\/en\/wp-json\/wp\/v2\/product_cat?post=11156"},{"taxonomy":"product_tag","embeddable":true,"href":"https:\/\/ursus.ee\/en\/wp-json\/wp\/v2\/product_tag?post=11156"}],"curies":[{"name":"wp","href":"https:\/\/api.w.org\/{rel}","templated":true}]}}