{"id":11153,"date":"2025-12-16T17:00:51","date_gmt":"2025-12-16T15:00:51","guid":{"rendered":"https:\/\/ursus.ee\/toode\/puhastuskreem-pliidile-ja-roostevabast-terasest-pindadele-intensive-2\/"},"modified":"2026-03-27T15:31:39","modified_gmt":"2026-03-27T13:31:39","slug":"puhastuskreem-pliidile-ja-roostevabast-terasest-pindadele-intensive-2","status":"publish","type":"product","link":"https:\/\/ursus.ee\/en\/toode\/puhastuskreem-pliidile-ja-roostevabast-terasest-pindadele-intensive-2\/","title":{"rendered":"Puhastuskreem pliidile ja roostevabast terasest pindadele Intensive"},"content":{"rendered":"<p>V\u00e4rske l\u00f5hnaga INTENSIVE puhastuskreem eemaldab t\u00f5husalt kinni k\u00f5rbenud toiduj\u00e4\u00e4gid, rasva, mustuse, katlakivi, veeplekid ja s\u00f5rmej\u00e4ljed. Sobilik k\u00f5ikidele pliidiplaatidele ja roostevabast terasest pindadele.*Ei sobi matt- ja harjatud roostevabast terasest pindadele. Kasutamine: loksutage korralikult! Eemaldage eelnevalt suurem musutus ja tugevad koorikud pliidiplaadi kaabitsaga. kandke toodet puhta, kuiva lapiga \u00f5hukese kihina pinnale ja h\u00f5\u00f5ruge puhta lapiga l\u00e4ikima.<\/p>\n","protected":false},"excerpt":{"rendered":"<p>V\u00e4rske l\u00f5hnaga INTENSIVE puhastuskreem eemaldab t\u00f5husalt kinni k\u00f5rbenud toiduj\u00e4\u00e4gid, rasva, mustuse, katlakivi, veeplekid ja s\u00f5rmej\u00e4ljed. Sobilik k\u00f5ikidele pliidiplaatidele ja roostevabast terasest pindadele.*Ei sobi matt- ja harjatud roostevabast terasest pindadele. Kasutamine: loksutage korralikult! Eemaldage eelnevalt suurem musutus ja tugevad koorikud pliidiplaadi kaabitsaga. kandke toodet puhta, kuiva lapiga \u00f5hukese kihina pinnale ja h\u00f5\u00f5ruge puhta lapiga l\u00e4ikima.<\/p>\n","protected":false},"featured_media":11154,"comment_status":"closed","ping_status":"open","template":"","meta":{"_acf_changed":false},"product_brand":[110],"product_cat":[116,111],"product_tag":[],"class_list":{"0":"post-11153","1":"product","2":"type-product","3":"status-publish","4":"has-post-thumbnail","6":"product_brand-dr-beckmann","7":"product_cat-puhastusvahendid","8":"product_cat-kodukeemia","9":"pa_kogus-250-ml","10":"pa_koostis-5-mitteioonseid-pindaktiivseid-aineid-naatriumbensoaat-fenoksutanool-lohnaained-heksuultsinnamaal","11":"pa_paritolumaa-saksamaa","12":"pa_uhik-ml","14":"first","15":"instock","16":"purchasable","17":"product-type-simple"},"acf":[],"_links":{"self":[{"href":"https:\/\/ursus.ee\/en\/wp-json\/wp\/v2\/product\/11153","targetHints":{"allow":["GET"]}}],"collection":[{"href":"https:\/\/ursus.ee\/en\/wp-json\/wp\/v2\/product"}],"about":[{"href":"https:\/\/ursus.ee\/en\/wp-json\/wp\/v2\/types\/product"}],"replies":[{"embeddable":true,"href":"https:\/\/ursus.ee\/en\/wp-json\/wp\/v2\/comments?post=11153"}],"wp:featuredmedia":[{"embeddable":true,"href":"https:\/\/ursus.ee\/en\/wp-json\/wp\/v2\/media\/11154"}],"wp:attachment":[{"href":"https:\/\/ursus.ee\/en\/wp-json\/wp\/v2\/media?parent=11153"}],"wp:term":[{"taxonomy":"product_brand","embeddable":true,"href":"https:\/\/ursus.ee\/en\/wp-json\/wp\/v2\/product_brand?post=11153"},{"taxonomy":"product_cat","embeddable":true,"href":"https:\/\/ursus.ee\/en\/wp-json\/wp\/v2\/product_cat?post=11153"},{"taxonomy":"product_tag","embeddable":true,"href":"https:\/\/ursus.ee\/en\/wp-json\/wp\/v2\/product_tag?post=11153"}],"curies":[{"name":"wp","href":"https:\/\/api.w.org\/{rel}","templated":true}]}}